{"id":5525,"date":"2022-05-11T12:43:14","date_gmt":"2022-05-11T10:43:14","guid":{"rendered":"https:\/\/marilab2b.com\/termini-e-condizioni\/"},"modified":"2022-05-11T12:43:14","modified_gmt":"2022-05-11T10:43:14","slug":"termini-e-condizioni","status":"publish","type":"page","link":"https:\/\/b2b.marilashoes.com\/it\/termini-e-condizioni\/","title":{"rendered":"Termini e Condizioni"},"content":{"rendered":"<div id='av_section_1' class='avia-section main_color avia-section-large avia-no-border-styling avia-bg-style-scroll  avia-builder-el-0  avia-builder-el-no-sibling    container_wrap fullsize' style=' '  ><div class='container' ><main  role=\"main\" itemprop=\"mainContentOfPage\"  class='template-page content  av-content-full alpha units'><div class='post-entry post-entry-type-page post-entry-5525'><div class='entry-content-wrapper clearfix'>\n<div class=\"flex_column av_one_fourth  flex_column_div av-zero-column-padding first  avia-builder-el-1  el_before_av_three_fourth  avia-builder-el-first  \" style='border-radius:0px; '><\/div><div class=\"flex_column av_three_fourth  flex_column_div av-zero-column-padding   avia-builder-el-2  el_after_av_one_fourth  avia-builder-el-last  \" style='border-radius:0px; '><section class=\"av_textblock_section \"  itemscope=\"itemscope\" itemtype=\"https:\/\/schema.org\/CreativeWork\" ><div class='avia_textblock  '   itemprop=\"text\" ><div>\n<h1>Termini e Condizioni<\/h1>\n<p>Questo Sito Web contiene testi preparati per scopi meramente informativi o divulgativi, che potrebbero non riflettere lo stato attuale della legislazione o della giurisprudenza, e che si riferiscono a situazioni generali, pertanto il suo contenuto non deve necessariamente essere applicato dall&#8217;utente a casi concreti.<\/p>\n<p>Questo sito descrive in dettaglio i servizi offerti da MARILA. Il suo utilizzo implica l&#8217;accettazione delle seguenti condizioni, declinando ogni pretesa in merito alle stesse:<\/p>\n<ul>\n<li>L&#8217;utilizzo di questo sito web \u00e8 rivolto a persone maggiorenni.<\/li>\n<li>MARILA potr\u00e0 modificare il contenuto del sito web, i suoi servizi, le tariffe, le garanzie, ecc., in qualsiasi momento e senza preavviso.<\/li>\n<li>MARILA pu\u00f2 mettere a disposizione dell&#8217;utente link o altri elementi che consentono l&#8217;accesso ad altri siti web di soggetti terzi. Non commercializziamo i prodotti e i servizi di dette pagine collegate, n\u00e9 ci assumiamo alcun tipo di responsabilit\u00e0 per essi, n\u00e9 per le informazioni in essi contenute, n\u00e9 per la loro veridicit\u00e0 o legalit\u00e0, n\u00e9 per gli eventuali effetti che potrebbero derivarne. In ogni caso, MARILA dichiara che rimuover\u00e0 immediatamente qualsiasi contenuto che possa contravvenire alla legislazione nazionale o internazionale, alla moralit\u00e0 o all&#8217;ordine pubblico, procedendo a rimuovere immediatamente il reindirizzamento a detto sito Web, informando le autorit\u00e0 competenti per il contenuto in questione.<\/li>\n<li>I prezzi indicati sul sito, ove presenti, saranno validi salvo errori tipografici, e sono soggetti a modifiche senza preavviso.<\/li>\n<li>Non \u00e8 necessario registrarsi al sito, n\u00e9 fornire alcun tipo di dato personale, per navigarlo.<\/li>\n<li>MARILA non pu\u00f2 garantire il funzionamento ininterrotto o completamente privo di errori di questo sito web. Pertanto non siamo responsabili per eventuali danni causati dall&#8217;utilizzo di questo sito.<\/li>\n<li>MARILA offre i propri servizi e prodotti a tempo indeterminato e pu\u00f2 tuttavia sospenderne la fornitura, unilateralmente e senza preavviso.<\/li>\n<li>MARILA non sar\u00e0 responsabile per eventuali danni, a se stessa o a terzi, causati dall&#8217;uso improprio di questo sito da parte del cliente.<\/li>\n<li>L&#8217;utente si impegna a non utilizzare questo sito Web o i servizi offerti su di esso per svolgere attivit\u00e0 contrarie alla legge, all&#8217;ordine pubblico o alle presenti condizioni.<\/li>\n<li>MARILA non \u00e8 responsabile dei virus che hanno origine da una trasmissione telematica infiltrata da soggetti terzi generata con lo scopo di ottenere risultati negativi per un sistema informatico.<\/li>\n<li>MARILA non \u00e8 responsabile delle informazioni e dei contenuti archiviati, a titolo esemplificativo ma non esaustivo, in forum, chat, generatori di blog, commenti, social network o qualsiasi altro mezzo che consenta a terzi di pubblicare contenuti in modo indipendente sul sito web del prestatore . Tuttavia, e nel rispetto di quanto previsto dall&#8217;art. 11 e 16 della LSSI-CE, MARILA si mette a disposizione di tutti gli utenti, autorit\u00e0 e forze di sicurezza, e collabora attivamente al ritiro o, se del caso, al blocco di tutti i contenuti che potrebbero pregiudicare o contravvenire alla legislazione nazionale o internazionale. dei terzi o della moralit\u00e0 e dell\u2019ordine pubblico. Se l&#8217;utente ritiene che sul sito web siano presenti contenuti che potrebbero essere suscettibili di questa classificazione, \u00e8 pregato di avvisare immediatamente l&#8217;amministratore del sito web.<\/li>\n<li>Questo sito web \u00e8 stato rivisto e testato per funzionare correttamente. In linea di principio \u00e8 possibile garantire il corretto funzionamento 365 giorni all&#8217;anno, 24 ore su 24. MARILA non esclude tuttavia la possibilit\u00e0 che si verifichino errori di programmazione o che si verifichino cause di forza maggiore, catastrofi naturali, scioperi o circostanze simili che rendano impossibile l&#8217;accesso al sito web.<\/li>\n<li>Le opinioni ivi espresse non riflettono necessariamente le opinioni di MARILA. Il contenuto degli articoli pubblicati su questo Sito non pu\u00f2 in alcun caso considerarsi sostitutivo della consulenza legale. L&#8217;utente non deve agire sulla base delle informazioni contenute in questo sito Web senza prima ricorrere alla corrispondente consulenza professionale.<\/li>\n<\/ul>\n<p>In definitiva, l&#8217;utente \u00e8 l&#8217;unico responsabile dell&#8217;utilizzo dei servizi, dei contenuti e dei collegamenti inclusi in questo sito web.<\/p>\n<\/div>\n<\/div><\/section><\/div>\n\n","protected":false},"excerpt":{"rendered":"","protected":false},"author":129,"featured_media":0,"parent":0,"menu_order":0,"comment_status":"closed","ping_status":"closed","template":"","meta":{"footnotes":""},"class_list":["post-5525","page","type-page","status-publish","hentry"],"yoast_head":"<!-- This site is optimized with the Yoast SEO plugin v26.9 - https:\/\/yoast.com\/product\/yoast-seo-wordpress\/ -->\n<title>Termini e Condizioni - Marila Shoes | B2B<\/title>\n<meta name=\"robots\" content=\"index, follow, max-snippet:-1, max-image-preview:large, max-video-preview:-1\" \/>\n<link rel=\"canonical\" href=\"https:\/\/b2b.marilashoes.com\/it\/termini-e-condizioni\/\" \/>\n<meta property=\"og:locale\" content=\"it_IT\" \/>\n<meta property=\"og:type\" content=\"article\" \/>\n<meta property=\"og:title\" content=\"Termini e Condizioni - Marila Shoes | B2B\" \/>\n<meta property=\"og:url\" content=\"https:\/\/b2b.marilashoes.com\/it\/termini-e-condizioni\/\" \/>\n<meta property=\"og:site_name\" content=\"Marila Shoes | B2B\" \/>\n<meta property=\"article:publisher\" content=\"https:\/\/www.facebook.com\/marilashoes\/?locale=es_ES\" \/>\n<meta name=\"twitter:card\" content=\"summary_large_image\" \/>\n<meta name=\"twitter:label1\" content=\"Tempo di lettura stimato\" \/>\n\t<meta name=\"twitter:data1\" content=\"4 minuti\" \/>\n<script type=\"application\/ld+json\" class=\"yoast-schema-graph\">{\"@context\":\"https:\/\/schema.org\",\"@graph\":[{\"@type\":\"WebPage\",\"@id\":\"https:\/\/b2b.marilashoes.com\/it\/termini-e-condizioni\/\",\"url\":\"https:\/\/b2b.marilashoes.com\/it\/termini-e-condizioni\/\",\"name\":\"Termini e Condizioni - Marila Shoes | B2B\",\"isPartOf\":{\"@id\":\"https:\/\/b2b.marilashoes.com\/#website\"},\"datePublished\":\"2022-05-11T10:43:14+00:00\",\"breadcrumb\":{\"@id\":\"https:\/\/b2b.marilashoes.com\/it\/termini-e-condizioni\/#breadcrumb\"},\"inLanguage\":\"it-IT\",\"potentialAction\":[{\"@type\":\"ReadAction\",\"target\":[\"https:\/\/b2b.marilashoes.com\/it\/termini-e-condizioni\/\"]}]},{\"@type\":\"BreadcrumbList\",\"@id\":\"https:\/\/b2b.marilashoes.com\/it\/termini-e-condizioni\/#breadcrumb\",\"itemListElement\":[{\"@type\":\"ListItem\",\"position\":1,\"name\":\"Portada\",\"item\":\"https:\/\/b2b.marilashoes.com\/\"},{\"@type\":\"ListItem\",\"position\":2,\"name\":\"Termini e Condizioni\"}]},{\"@type\":\"WebSite\",\"@id\":\"https:\/\/b2b.marilashoes.com\/#website\",\"url\":\"https:\/\/b2b.marilashoes.com\/\",\"name\":\"Marila Shoes | B2B\",\"description\":\"Distribuidores de calzado al por mayor\",\"publisher\":{\"@id\":\"https:\/\/b2b.marilashoes.com\/#organization\"},\"potentialAction\":[{\"@type\":\"SearchAction\",\"target\":{\"@type\":\"EntryPoint\",\"urlTemplate\":\"https:\/\/b2b.marilashoes.com\/?s={search_term_string}\"},\"query-input\":{\"@type\":\"PropertyValueSpecification\",\"valueRequired\":true,\"valueName\":\"search_term_string\"}}],\"inLanguage\":\"it-IT\"},{\"@type\":\"Organization\",\"@id\":\"https:\/\/b2b.marilashoes.com\/#organization\",\"name\":\"Marila Shoes\",\"url\":\"https:\/\/b2b.marilashoes.com\/\",\"logo\":{\"@type\":\"ImageObject\",\"inLanguage\":\"it-IT\",\"@id\":\"https:\/\/b2b.marilashoes.com\/#\/schema\/logo\/image\/\",\"url\":\"https:\/\/marilab2b.com\/wp-content\/uploads\/2022\/05\/logoWeb-1.png\",\"contentUrl\":\"https:\/\/marilab2b.com\/wp-content\/uploads\/2022\/05\/logoWeb-1.png\",\"width\":340,\"height\":156,\"caption\":\"Marila Shoes\"},\"image\":{\"@id\":\"https:\/\/b2b.marilashoes.com\/#\/schema\/logo\/image\/\"},\"sameAs\":[\"https:\/\/www.facebook.com\/marilashoes\/?locale=es_ES\"]}]}<\/script>\n<!-- \/ Yoast SEO plugin. -->","yoast_head_json":{"title":"Termini e Condizioni - Marila Shoes | B2B","robots":{"index":"index","follow":"follow","max-snippet":"max-snippet:-1","max-image-preview":"max-image-preview:large","max-video-preview":"max-video-preview:-1"},"canonical":"https:\/\/b2b.marilashoes.com\/it\/termini-e-condizioni\/","og_locale":"it_IT","og_type":"article","og_title":"Termini e Condizioni - Marila Shoes | B2B","og_url":"https:\/\/b2b.marilashoes.com\/it\/termini-e-condizioni\/","og_site_name":"Marila Shoes | B2B","article_publisher":"https:\/\/www.facebook.com\/marilashoes\/?locale=es_ES","twitter_card":"summary_large_image","twitter_misc":{"Tempo di lettura stimato":"4 minuti"},"schema":{"@context":"https:\/\/schema.org","@graph":[{"@type":"WebPage","@id":"https:\/\/b2b.marilashoes.com\/it\/termini-e-condizioni\/","url":"https:\/\/b2b.marilashoes.com\/it\/termini-e-condizioni\/","name":"Termini e Condizioni - Marila Shoes | B2B","isPartOf":{"@id":"https:\/\/b2b.marilashoes.com\/#website"},"datePublished":"2022-05-11T10:43:14+00:00","breadcrumb":{"@id":"https:\/\/b2b.marilashoes.com\/it\/termini-e-condizioni\/#breadcrumb"},"inLanguage":"it-IT","potentialAction":[{"@type":"ReadAction","target":["https:\/\/b2b.marilashoes.com\/it\/termini-e-condizioni\/"]}]},{"@type":"BreadcrumbList","@id":"https:\/\/b2b.marilashoes.com\/it\/termini-e-condizioni\/#breadcrumb","itemListElement":[{"@type":"ListItem","position":1,"name":"Portada","item":"https:\/\/b2b.marilashoes.com\/"},{"@type":"ListItem","position":2,"name":"Termini e Condizioni"}]},{"@type":"WebSite","@id":"https:\/\/b2b.marilashoes.com\/#website","url":"https:\/\/b2b.marilashoes.com\/","name":"Marila Shoes | B2B","description":"Distribuidores de calzado al por mayor","publisher":{"@id":"https:\/\/b2b.marilashoes.com\/#organization"},"potentialAction":[{"@type":"SearchAction","target":{"@type":"EntryPoint","urlTemplate":"https:\/\/b2b.marilashoes.com\/?s={search_term_string}"},"query-input":{"@type":"PropertyValueSpecification","valueRequired":true,"valueName":"search_term_string"}}],"inLanguage":"it-IT"},{"@type":"Organization","@id":"https:\/\/b2b.marilashoes.com\/#organization","name":"Marila Shoes","url":"https:\/\/b2b.marilashoes.com\/","logo":{"@type":"ImageObject","inLanguage":"it-IT","@id":"https:\/\/b2b.marilashoes.com\/#\/schema\/logo\/image\/","url":"https:\/\/marilab2b.com\/wp-content\/uploads\/2022\/05\/logoWeb-1.png","contentUrl":"https:\/\/marilab2b.com\/wp-content\/uploads\/2022\/05\/logoWeb-1.png","width":340,"height":156,"caption":"Marila Shoes"},"image":{"@id":"https:\/\/b2b.marilashoes.com\/#\/schema\/logo\/image\/"},"sameAs":["https:\/\/www.facebook.com\/marilashoes\/?locale=es_ES"]}]}},"_links":{"self":[{"href":"https:\/\/b2b.marilashoes.com\/it\/wp-json\/wp\/v2\/pages\/5525","targetHints":{"allow":["GET"]}}],"collection":[{"href":"https:\/\/b2b.marilashoes.com\/it\/wp-json\/wp\/v2\/pages"}],"about":[{"href":"https:\/\/b2b.marilashoes.com\/it\/wp-json\/wp\/v2\/types\/page"}],"author":[{"embeddable":true,"href":"https:\/\/b2b.marilashoes.com\/it\/wp-json\/wp\/v2\/users\/129"}],"replies":[{"embeddable":true,"href":"https:\/\/b2b.marilashoes.com\/it\/wp-json\/wp\/v2\/comments?post=5525"}],"version-history":[{"count":1,"href":"https:\/\/b2b.marilashoes.com\/it\/wp-json\/wp\/v2\/pages\/5525\/revisions"}],"predecessor-version":[{"id":5775,"href":"https:\/\/b2b.marilashoes.com\/it\/wp-json\/wp\/v2\/pages\/5525\/revisions\/5775"}],"wp:attachment":[{"href":"https:\/\/b2b.marilashoes.com\/it\/wp-json\/wp\/v2\/media?parent=5525"}],"curies":[{"name":"wp","href":"https:\/\/api.w.org\/{rel}","templated":true}]}}