{"id":5524,"date":"2015-07-16T09:12:44","date_gmt":"2015-07-16T07:12:44","guid":{"rendered":"https:\/\/marilab2b.com\/circa-lazienda\/"},"modified":"2015-07-16T09:12:44","modified_gmt":"2015-07-16T07:12:44","slug":"circa-lazienda","status":"publish","type":"page","link":"https:\/\/b2b.marilashoes.com\/it\/circa-lazienda\/","title":{"rendered":"Circa l&#8217;azienda"},"content":{"rendered":"<div style='height:5px' class='hr hr-invisible   avia-builder-el-0  el_before_av_slideshow_full  avia-builder-el-no-sibling '><span class='hr-inner ' ><span class='hr-inner-style'><\/span><\/span><\/div>\n<\/div><\/div><\/div><!-- close content main div --><\/div><\/div><div id='full_slider_1' class='avia-fullwidth-slider main_color avia-shadow   avia-builder-el-1  el_after_av_hr  el_before_av_section  slider-not-first container_wrap fullsize' style=' '  ><div  data-size='no scaling'  data-lightbox_size='large'  data-animation='slide'  data-conditional_play=''  data-ids='999,1000,1001'  data-video_counter='0'  data-autoplay='true'  data-bg_slider='false'  data-slide_height=''  data-handle='av_slideshow_full'  data-interval='5'  data-class=' image_no_stretch'  data-css_id=''  data-scroll_down=''  data-control_layout='av-control-default'  data-custom_markup=''  data-perma_caption=''  data-autoplay_stopper=''  data-image_attachment=''  data-min_height='0px'  data-src=''  data-position='top left'  data-repeat='no-repeat'  data-attach='scroll'  data-stretch='image_no_stretch'  class='avia-slideshow avia-slideshow-1  av-control-default avia-slideshow-no scaling av_slideshow_full  image_no_stretch avia-slide-slider '  itemprop=\"image\" itemscope=\"itemscope\" itemtype=\"https:\/\/schema.org\/ImageObject\" ><ul class='avia-slideshow-inner '  ><\/ul><\/div><\/div>\n<div id='av_section_1' class='avia-section main_color avia-section-large avia-no-border-styling avia-bg-style-scroll  avia-builder-el-2  el_after_av_slideshow_full  avia-builder-el-last   container_wrap fullsize' style=' '  ><div class='container' ><div class='template-page content  av-content-full alpha units'><div class='post-entry post-entry-type-page post-entry-5524'><div class='entry-content-wrapper clearfix'>\n<div class=\"flex_column av_one_third  av-animated-generic top-to-bottom  flex_column_div av-zero-column-padding first  avia-builder-el-3  el_before_av_two_third  avia-builder-el-first   \" style='border-radius:0px; '><div class='avia-image-container  av-styling-    avia-builder-el-4  avia-builder-el-no-sibling   avia-align-center '  itemprop=\"image\" itemscope=\"itemscope\" itemtype=\"https:\/\/schema.org\/ImageObject\"  ><div class='avia-image-container-inner'><div class='avia-image-overlay-wrap'><img class='avia_image' src='https:\/\/b2b.marilashoes.com\/wp-content\/uploads\/2022\/09\/2-495x400.webp' alt='' title='' height=\"400\" width=\"495\"  itemprop=\"thumbnailUrl\"  \/><\/div><\/div><\/div><\/div><div class=\"flex_column av_two_third  av-animated-generic bottom-to-top  flex_column_div av-zero-column-padding   avia-builder-el-5  el_after_av_one_third  avia-builder-el-last  \" style='border-radius:0px; '><p><div style='padding-bottom:20px; font-size:40px;' class='av-special-heading av-special-heading-h1  blockquote modern-quote  avia-builder-el-6  el_before_av_textblock  avia-builder-el-first   av-inherit-size '><h1 class='av-special-heading-tag '  itemprop=\"headline\"  >Qui\u00e9nes somos<\/h1><div class='special-heading-border'><div class='special-heading-inner-border' ><\/div><\/div><\/div><br \/>\n<section class=\"av_textblock_section \"  itemscope=\"itemscope\" itemtype=\"https:\/\/schema.org\/CreativeWork\" ><div class='avia_textblock  '   itemprop=\"text\" ><p><strong>Da Elche,<\/strong> una citt\u00e0 calzaturiera europea per tradizione ed esperienza artigianale, \u00e8 la perfetta enclave strategica per posizione e logistica, da dove Marila progetta e produce ogni stagione le sue nuove collezioni di bellissime scarpe, piene di creativit\u00e0 e qualit\u00e0.<\/p>\n<p>La produzione delle nostre scarpe prevede molteplici e svariati processi, per lo pi\u00f9 artigianali, non sarebbe possibile raggiungere l&#8217;alta qualit\u00e0 di Marila senza la partecipazione di<strong> i nostri esperti artigiani<\/strong>, che mettono tutto il loro know-how affinch\u00e9 il risultato sia sempre eccellente e il cliente possa godere di calzature autenticamente Premium, nel design, nel comfort e nella moda fin dal primo passo.<\/p>\n<p><span class=\"text-las-pieles\"><strong>La pelle<\/strong>, utilizzata da Marila, \u00e8 la migliore materia prima che esista. Essendo a contatto con la nostra pelle, la selezioniamo per le sue particolari caratteristiche di morbidezza, traspirabilit\u00e0 e flessibilit\u00e0, \u00e8 completamente ecologica e nella sua concia vengono utilizzati coloranti naturali senza piombo n\u00e9 metalli pesanti. Indossare le nostre scarpe \u00e8 un&#8217;esperienza unica che chi la prova ripete. <\/span><\/p>\n<\/div><\/section><br \/>\n<div style=' margin-top:70px; margin-bottom:0px;'  class='hr hr-custom hr-center hr-icon-yes   avia-builder-el-8  el_after_av_textblock  avia-builder-el-last '><span class='hr-inner   inner-border-av-border-thin' style=' width:90px;' ><span class='hr-inner-style'><\/span><\/span><span class='av-seperator-icon' style='color:#497a99;' aria-hidden='true' data-av_icon='\ue827' data-av_iconfont='entypo-fontello'><\/span><span class='hr-inner   inner-border-av-border-thin' style=' width:90px;' ><span class='hr-inner-style'><\/span><\/span><\/div><\/p><\/div>\n","protected":false},"excerpt":{"rendered":"","protected":false},"author":129,"featured_media":0,"parent":0,"menu_order":0,"comment_status":"open","ping_status":"open","template":"","meta":{"footnotes":""},"class_list":["post-5524","page","type-page","status-publish","hentry"],"yoast_head":"<!-- This site is optimized with the Yoast SEO plugin v26.9 - https:\/\/yoast.com\/product\/yoast-seo-wordpress\/ -->\n<title>Circa l&#039;azienda - Marila Shoes | B2B<\/title>\n<meta name=\"robots\" content=\"index, follow, max-snippet:-1, max-image-preview:large, max-video-preview:-1\" \/>\n<link rel=\"canonical\" href=\"https:\/\/b2b.marilashoes.com\/it\/circa-lazienda\/\" \/>\n<meta property=\"og:locale\" content=\"it_IT\" \/>\n<meta property=\"og:type\" content=\"article\" \/>\n<meta property=\"og:title\" content=\"Circa l&#039;azienda - Marila Shoes | B2B\" \/>\n<meta property=\"og:url\" content=\"https:\/\/b2b.marilashoes.com\/it\/circa-lazienda\/\" \/>\n<meta property=\"og:site_name\" content=\"Marila Shoes | B2B\" \/>\n<meta property=\"article:publisher\" content=\"https:\/\/www.facebook.com\/marilashoes\/?locale=es_ES\" \/>\n<meta name=\"twitter:card\" content=\"summary_large_image\" \/>\n<meta name=\"twitter:label1\" content=\"Tempo di lettura stimato\" \/>\n\t<meta name=\"twitter:data1\" content=\"3 minuti\" \/>\n<script type=\"application\/ld+json\" class=\"yoast-schema-graph\">{\"@context\":\"https:\/\/schema.org\",\"@graph\":[{\"@type\":\"WebPage\",\"@id\":\"https:\/\/b2b.marilashoes.com\/it\/circa-lazienda\/\",\"url\":\"https:\/\/b2b.marilashoes.com\/it\/circa-lazienda\/\",\"name\":\"Circa l'azienda - Marila Shoes | B2B\",\"isPartOf\":{\"@id\":\"https:\/\/b2b.marilashoes.com\/#website\"},\"datePublished\":\"2015-07-16T07:12:44+00:00\",\"breadcrumb\":{\"@id\":\"https:\/\/b2b.marilashoes.com\/it\/circa-lazienda\/#breadcrumb\"},\"inLanguage\":\"it-IT\",\"potentialAction\":[{\"@type\":\"ReadAction\",\"target\":[\"https:\/\/b2b.marilashoes.com\/it\/circa-lazienda\/\"]}]},{\"@type\":\"BreadcrumbList\",\"@id\":\"https:\/\/b2b.marilashoes.com\/it\/circa-lazienda\/#breadcrumb\",\"itemListElement\":[{\"@type\":\"ListItem\",\"position\":1,\"name\":\"Portada\",\"item\":\"https:\/\/b2b.marilashoes.com\/\"},{\"@type\":\"ListItem\",\"position\":2,\"name\":\"Circa l&#8217;azienda\"}]},{\"@type\":\"WebSite\",\"@id\":\"https:\/\/b2b.marilashoes.com\/#website\",\"url\":\"https:\/\/b2b.marilashoes.com\/\",\"name\":\"Marila Shoes | B2B\",\"description\":\"Distribuidores de calzado al por mayor\",\"publisher\":{\"@id\":\"https:\/\/b2b.marilashoes.com\/#organization\"},\"potentialAction\":[{\"@type\":\"SearchAction\",\"target\":{\"@type\":\"EntryPoint\",\"urlTemplate\":\"https:\/\/b2b.marilashoes.com\/?s={search_term_string}\"},\"query-input\":{\"@type\":\"PropertyValueSpecification\",\"valueRequired\":true,\"valueName\":\"search_term_string\"}}],\"inLanguage\":\"it-IT\"},{\"@type\":\"Organization\",\"@id\":\"https:\/\/b2b.marilashoes.com\/#organization\",\"name\":\"Marila Shoes\",\"url\":\"https:\/\/b2b.marilashoes.com\/\",\"logo\":{\"@type\":\"ImageObject\",\"inLanguage\":\"it-IT\",\"@id\":\"https:\/\/b2b.marilashoes.com\/#\/schema\/logo\/image\/\",\"url\":\"https:\/\/marilab2b.com\/wp-content\/uploads\/2022\/05\/logoWeb-1.png\",\"contentUrl\":\"https:\/\/marilab2b.com\/wp-content\/uploads\/2022\/05\/logoWeb-1.png\",\"width\":340,\"height\":156,\"caption\":\"Marila Shoes\"},\"image\":{\"@id\":\"https:\/\/b2b.marilashoes.com\/#\/schema\/logo\/image\/\"},\"sameAs\":[\"https:\/\/www.facebook.com\/marilashoes\/?locale=es_ES\"]}]}<\/script>\n<!-- \/ Yoast SEO plugin. -->","yoast_head_json":{"title":"Circa l'azienda - Marila Shoes | B2B","robots":{"index":"index","follow":"follow","max-snippet":"max-snippet:-1","max-image-preview":"max-image-preview:large","max-video-preview":"max-video-preview:-1"},"canonical":"https:\/\/b2b.marilashoes.com\/it\/circa-lazienda\/","og_locale":"it_IT","og_type":"article","og_title":"Circa l'azienda - Marila Shoes | B2B","og_url":"https:\/\/b2b.marilashoes.com\/it\/circa-lazienda\/","og_site_name":"Marila Shoes | B2B","article_publisher":"https:\/\/www.facebook.com\/marilashoes\/?locale=es_ES","twitter_card":"summary_large_image","twitter_misc":{"Tempo di lettura stimato":"3 minuti"},"schema":{"@context":"https:\/\/schema.org","@graph":[{"@type":"WebPage","@id":"https:\/\/b2b.marilashoes.com\/it\/circa-lazienda\/","url":"https:\/\/b2b.marilashoes.com\/it\/circa-lazienda\/","name":"Circa l'azienda - Marila Shoes | B2B","isPartOf":{"@id":"https:\/\/b2b.marilashoes.com\/#website"},"datePublished":"2015-07-16T07:12:44+00:00","breadcrumb":{"@id":"https:\/\/b2b.marilashoes.com\/it\/circa-lazienda\/#breadcrumb"},"inLanguage":"it-IT","potentialAction":[{"@type":"ReadAction","target":["https:\/\/b2b.marilashoes.com\/it\/circa-lazienda\/"]}]},{"@type":"BreadcrumbList","@id":"https:\/\/b2b.marilashoes.com\/it\/circa-lazienda\/#breadcrumb","itemListElement":[{"@type":"ListItem","position":1,"name":"Portada","item":"https:\/\/b2b.marilashoes.com\/"},{"@type":"ListItem","position":2,"name":"Circa l&#8217;azienda"}]},{"@type":"WebSite","@id":"https:\/\/b2b.marilashoes.com\/#website","url":"https:\/\/b2b.marilashoes.com\/","name":"Marila Shoes | B2B","description":"Distribuidores de calzado al por mayor","publisher":{"@id":"https:\/\/b2b.marilashoes.com\/#organization"},"potentialAction":[{"@type":"SearchAction","target":{"@type":"EntryPoint","urlTemplate":"https:\/\/b2b.marilashoes.com\/?s={search_term_string}"},"query-input":{"@type":"PropertyValueSpecification","valueRequired":true,"valueName":"search_term_string"}}],"inLanguage":"it-IT"},{"@type":"Organization","@id":"https:\/\/b2b.marilashoes.com\/#organization","name":"Marila Shoes","url":"https:\/\/b2b.marilashoes.com\/","logo":{"@type":"ImageObject","inLanguage":"it-IT","@id":"https:\/\/b2b.marilashoes.com\/#\/schema\/logo\/image\/","url":"https:\/\/marilab2b.com\/wp-content\/uploads\/2022\/05\/logoWeb-1.png","contentUrl":"https:\/\/marilab2b.com\/wp-content\/uploads\/2022\/05\/logoWeb-1.png","width":340,"height":156,"caption":"Marila Shoes"},"image":{"@id":"https:\/\/b2b.marilashoes.com\/#\/schema\/logo\/image\/"},"sameAs":["https:\/\/www.facebook.com\/marilashoes\/?locale=es_ES"]}]}},"_links":{"self":[{"href":"https:\/\/b2b.marilashoes.com\/it\/wp-json\/wp\/v2\/pages\/5524","targetHints":{"allow":["GET"]}}],"collection":[{"href":"https:\/\/b2b.marilashoes.com\/it\/wp-json\/wp\/v2\/pages"}],"about":[{"href":"https:\/\/b2b.marilashoes.com\/it\/wp-json\/wp\/v2\/types\/page"}],"author":[{"embeddable":true,"href":"https:\/\/b2b.marilashoes.com\/it\/wp-json\/wp\/v2\/users\/129"}],"replies":[{"embeddable":true,"href":"https:\/\/b2b.marilashoes.com\/it\/wp-json\/wp\/v2\/comments?post=5524"}],"version-history":[{"count":0,"href":"https:\/\/b2b.marilashoes.com\/it\/wp-json\/wp\/v2\/pages\/5524\/revisions"}],"wp:attachment":[{"href":"https:\/\/b2b.marilashoes.com\/it\/wp-json\/wp\/v2\/media?parent=5524"}],"curies":[{"name":"wp","href":"https:\/\/api.w.org\/{rel}","templated":true}]}}