{"id":5505,"date":"2022-04-22T12:50:10","date_gmt":"2022-04-22T10:50:10","guid":{"rendered":"https:\/\/marilab2b.com\/avviso-legale\/"},"modified":"2022-04-22T12:50:10","modified_gmt":"2022-04-22T10:50:10","slug":"avviso-legale","status":"publish","type":"page","link":"https:\/\/b2b.marilashoes.com\/it\/avviso-legale\/","title":{"rendered":"Avviso legale"},"content":{"rendered":"<div id='av_section_1' class='avia-section main_color avia-section-default avia-no-border-styling avia-bg-style-scroll  avia-builder-el-0  avia-builder-el-no-sibling    container_wrap fullsize' style=' '  ><div class='container' ><main  role=\"main\" itemprop=\"mainContentOfPage\"  class='template-page content  av-content-full alpha units'><div class='post-entry post-entry-type-page post-entry-5505'><div class='entry-content-wrapper clearfix'>\n<div class=\"flex_column av_one_fourth  flex_column_div av-zero-column-padding first  avia-builder-el-1  el_before_av_three_fourth  avia-builder-el-first  \" style='border-radius:0px; '><\/div><div class=\"flex_column av_three_fourth  flex_column_div av-zero-column-padding   avia-builder-el-2  el_after_av_one_fourth  avia-builder-el-last  \" style='border-radius:0px; '><section class=\"av_textblock_section \"  itemscope=\"itemscope\" itemtype=\"https:\/\/schema.org\/CreativeWork\" ><div class='avia_textblock  '   itemprop=\"text\" ><div class=\"shopify-policy__title\">\n<h1>Avviso legale<\/h1>\n<\/div>\n<div class=\"shopify-policy__body\">\n<div class=\"rte\">\n<div class=\"rte\">\n<div class=\"rte\">\n<p>In ottemperanza alla Legge 34\/2002, dell&#8217;11 luglio, sui servizi della societ\u00e0 dell&#8217;informazione e del commercio elettronico (LSSI CE), informiamo gli utenti dei dati della societ\u00e0 proprietaria di questo sito web:<\/p>\n<p>Responsabile<\/p>\n<ul>\n<li><strong>Denominazione sociale:<\/strong> NEOX CALZADOS, S.L.U.<\/li>\n<li><strong>CIF\/NIF<\/strong>: B-54431184<\/li>\n<li><strong>Nome depositato<\/strong>: MARILA<\/li>\n<li><strong>Sede legale<\/strong>: C\/ Antonio Jos\u00e9 Cavanilles, 5 &#8211; 03203 &#8211; Elche (Alicante)<\/li>\n<\/ul>\n<p>Contatto<\/p>\n<ul>\n<li><strong>email<\/strong>: marila@marilashoes.com<\/li>\n<li><strong>Profili sui social network:<\/strong>:\n<ul>\n<li>https:\/\/www.facebook.com\/marilashoes<\/li>\n<li>https:\/\/www.instagram.com\/marilashoes\/<\/li>\n<\/ul>\n<\/li>\n<\/ul>\n<p>Record<\/p>\n<ul>\n<li><strong>Nome di dominio (sito web)<\/strong>: <a href=\"https:\/\/marilab2b.com\/\">https:\/\/marilab2b.com\/<\/a><\/li>\n<\/ul>\n<p><strong>OGGETTO<\/strong><\/p>\n<p>NEOX CALZADOS, SLU (di seguito MARILA), responsabile del sito web, mette a disposizione degli utenti il \u200b\u200bpresente documento con il quale intende ottemperare agli obblighi previsti dalla Legge 34\/2002, sui servizi della societ\u00e0 dell&#8217;informazione e del commercio elettronico (LSSI-CE), nonch\u00e9 come informare tutti gli utenti del sito web in merito alle condizioni di utilizzo del sito web.<\/p>\n<p>Chiunque acceda a questo sito web assume il ruolo di utente, impegnandosi alla rigorosa osservanza e al rispetto delle disposizioni qui stabilite, nonch\u00e9 di qualsiasi altra disposizione legale eventualmente applicabile.<\/p>\n<p>MARILA si riserva il diritto di modificare qualsiasi tipo di informazione che possa apparire sul sito, senza alcun obbligo di notifica o informazione agli utenti di tali obblighi, intendendosi sufficiente la pubblicazione sul sito.<\/p>\n<p><strong>PROTEZIONE DATI<\/strong><\/p>\n<p>MARILA \u00e8 profondamente impegnata nel rispetto della normativa spagnola in materia di protezione dei dati personali e garantisce il pieno rispetto degli obblighi stabiliti, nonch\u00e9 l&#8217;attuazione delle misure di sicurezza previste dall&#8217;art. 9 della Legge 15\/1999, sulla Protezione dei Dati Personali (LOPD) e il suo Regolamento di Sviluppo, nonch\u00e9 per il rispetto del Regolamento Generale sulla Protezione dei Dati (RGPD) (UE) 2016\/679. In conformit\u00e0 a tale normativa, ti informiamo che l&#8217;utilizzo del nostro sito web richiede che ci vengano forniti alcuni dati personali attraverso la registrazione o i moduli di contatto, o l&#8217;invio di e-mail, e che questi saranno trattati da MARILA. L&#8217;invio di tali dati personali costituisce consenso espresso al loro trattamento, bench\u00e9 tale consenso sia revocabile. Maggiori informazioni nella nostra Informativa sulla privacy.<\/p>\n<p><strong>PROPRIET\u00c0 INTELLETTUALE, NORMATIVE E FORUM<\/strong><\/p>\n<p>Il sito web, inclusi ma non limitati alla sua programmazione, modifica, compilazione e altri elementi necessari per il suo funzionamento, i disegni, i loghi, i testi e\/o la grafica sono di propriet\u00e0 di MARILA o, ove applicabile, hanno una licenza o un&#8217;autorizzazione espressa da parte di degli autori.<\/p>\n<p>Tutti i contenuti del sito sono debitamente protetti dalle norme sulla propriet\u00e0 intellettuale e industriale, nonch\u00e9 registrati nei corrispondenti pubblici registri, e non \u00e8 consentita la riproduzione e\/o la pubblicazione, in tutto o in parte, del sito, n\u00e9 il suo trattamento. computer, la sua distribuzione, diffusione, modifica o trasformazione, senza la sua previa autorizzazione scritta.<\/p>\n<p>I disegni, i loghi, i testi e\/o la grafica diversi da MARILA che potrebbero apparire sul sito appartengono ai rispettivi proprietari, i quali sono essi stessi responsabili per ogni eventuale controversia che possa sorgere al riguardo. In ogni caso MARILA dispone di espressa e preventiva autorizzazione da parte degli stessi. MARILA riconosce ai suoi titolari i corrispondenti diritti di propriet\u00e0 industriale e intellettuale, la sua semplice menzione o apparizione sul sito web non implica l&#8217;esistenza di alcun diritto o responsabilit\u00e0 del fornitore su di essi, n\u00e9 l&#8217;approvazione, la sponsorizzazione o la raccomandazione da parte dello stesso.<\/p>\n<p>L&#8217;utente pu\u00f2 utilizzare il materiale che appare su questo sito per uso personale e privato, ed \u00e8 vietato il suo utilizzo per scopi commerciali. MARILA garantir\u00e0 il rispetto delle condizioni precedenti, nonch\u00e9 il corretto utilizzo dei contenuti presentati sulle sue pagine web, esercitando tutte le azioni civili e penali che le corrispondono in caso di violazione o mancato rispetto di tali diritti da parte dell&#8217;utente.<\/p>\n<p><strong>LEGGE APPLICABILE E GIURISDIZIONE<\/strong><\/p>\n<p>Le presenti Condizioni d&#8217;uso del sito web sono regolate in tutti i loro estremi dalla legge spagnola. La lingua di scrittura e interpretazione della presente nota legale \u00e8 lo spagnolo. Per la risoluzione di tutte le controversie o questioni relative a questo sito Web o alle attivit\u00e0 svolte sullo stesso, si applicher\u00e0 la legislazione spagnola, alla quale le parti si sottomettono espressamente, essendo competenti per la risoluzione di tutti i conflitti derivanti o relativi al suo utilizzo le corti e i tribunali. di Alicante.<\/p>\n<\/div>\n<\/div>\n<\/div>\n<\/div>\n<\/div><\/section><\/div>\n","protected":false},"excerpt":{"rendered":"","protected":false},"author":129,"featured_media":0,"parent":0,"menu_order":0,"comment_status":"closed","ping_status":"closed","template":"","meta":{"footnotes":""},"class_list":["post-5505","page","type-page","status-publish","hentry"],"yoast_head":"<!-- This site is optimized with the Yoast SEO plugin v26.9 - https:\/\/yoast.com\/product\/yoast-seo-wordpress\/ -->\n<title>Avviso legale - Marila Shoes | B2B<\/title>\n<meta name=\"robots\" content=\"index, follow, max-snippet:-1, max-image-preview:large, max-video-preview:-1\" \/>\n<link rel=\"canonical\" href=\"https:\/\/b2b.marilashoes.com\/it\/avviso-legale\/\" \/>\n<meta property=\"og:locale\" content=\"it_IT\" \/>\n<meta property=\"og:type\" content=\"article\" \/>\n<meta property=\"og:title\" content=\"Avviso legale - Marila Shoes | B2B\" \/>\n<meta property=\"og:url\" content=\"https:\/\/b2b.marilashoes.com\/it\/avviso-legale\/\" \/>\n<meta property=\"og:site_name\" content=\"Marila Shoes | B2B\" \/>\n<meta property=\"article:publisher\" content=\"https:\/\/www.facebook.com\/marilashoes\/?locale=es_ES\" \/>\n<meta name=\"twitter:card\" content=\"summary_large_image\" \/>\n<meta name=\"twitter:label1\" content=\"Tempo di lettura stimato\" \/>\n\t<meta name=\"twitter:data1\" content=\"5 minuti\" \/>\n<script type=\"application\/ld+json\" class=\"yoast-schema-graph\">{\"@context\":\"https:\/\/schema.org\",\"@graph\":[{\"@type\":\"WebPage\",\"@id\":\"https:\/\/b2b.marilashoes.com\/it\/avviso-legale\/\",\"url\":\"https:\/\/b2b.marilashoes.com\/it\/avviso-legale\/\",\"name\":\"Avviso legale - Marila Shoes | B2B\",\"isPartOf\":{\"@id\":\"https:\/\/b2b.marilashoes.com\/#website\"},\"datePublished\":\"2022-04-22T10:50:10+00:00\",\"breadcrumb\":{\"@id\":\"https:\/\/b2b.marilashoes.com\/it\/avviso-legale\/#breadcrumb\"},\"inLanguage\":\"it-IT\",\"potentialAction\":[{\"@type\":\"ReadAction\",\"target\":[\"https:\/\/b2b.marilashoes.com\/it\/avviso-legale\/\"]}]},{\"@type\":\"BreadcrumbList\",\"@id\":\"https:\/\/b2b.marilashoes.com\/it\/avviso-legale\/#breadcrumb\",\"itemListElement\":[{\"@type\":\"ListItem\",\"position\":1,\"name\":\"Portada\",\"item\":\"https:\/\/b2b.marilashoes.com\/\"},{\"@type\":\"ListItem\",\"position\":2,\"name\":\"Avviso legale\"}]},{\"@type\":\"WebSite\",\"@id\":\"https:\/\/b2b.marilashoes.com\/#website\",\"url\":\"https:\/\/b2b.marilashoes.com\/\",\"name\":\"Marila Shoes | B2B\",\"description\":\"Distribuidores de calzado al por mayor\",\"publisher\":{\"@id\":\"https:\/\/b2b.marilashoes.com\/#organization\"},\"potentialAction\":[{\"@type\":\"SearchAction\",\"target\":{\"@type\":\"EntryPoint\",\"urlTemplate\":\"https:\/\/b2b.marilashoes.com\/?s={search_term_string}\"},\"query-input\":{\"@type\":\"PropertyValueSpecification\",\"valueRequired\":true,\"valueName\":\"search_term_string\"}}],\"inLanguage\":\"it-IT\"},{\"@type\":\"Organization\",\"@id\":\"https:\/\/b2b.marilashoes.com\/#organization\",\"name\":\"Marila Shoes\",\"url\":\"https:\/\/b2b.marilashoes.com\/\",\"logo\":{\"@type\":\"ImageObject\",\"inLanguage\":\"it-IT\",\"@id\":\"https:\/\/b2b.marilashoes.com\/#\/schema\/logo\/image\/\",\"url\":\"https:\/\/marilab2b.com\/wp-content\/uploads\/2022\/05\/logoWeb-1.png\",\"contentUrl\":\"https:\/\/marilab2b.com\/wp-content\/uploads\/2022\/05\/logoWeb-1.png\",\"width\":340,\"height\":156,\"caption\":\"Marila Shoes\"},\"image\":{\"@id\":\"https:\/\/b2b.marilashoes.com\/#\/schema\/logo\/image\/\"},\"sameAs\":[\"https:\/\/www.facebook.com\/marilashoes\/?locale=es_ES\"]}]}<\/script>\n<!-- \/ Yoast SEO plugin. -->","yoast_head_json":{"title":"Avviso legale - Marila Shoes | B2B","robots":{"index":"index","follow":"follow","max-snippet":"max-snippet:-1","max-image-preview":"max-image-preview:large","max-video-preview":"max-video-preview:-1"},"canonical":"https:\/\/b2b.marilashoes.com\/it\/avviso-legale\/","og_locale":"it_IT","og_type":"article","og_title":"Avviso legale - Marila Shoes | B2B","og_url":"https:\/\/b2b.marilashoes.com\/it\/avviso-legale\/","og_site_name":"Marila Shoes | B2B","article_publisher":"https:\/\/www.facebook.com\/marilashoes\/?locale=es_ES","twitter_card":"summary_large_image","twitter_misc":{"Tempo di lettura stimato":"5 minuti"},"schema":{"@context":"https:\/\/schema.org","@graph":[{"@type":"WebPage","@id":"https:\/\/b2b.marilashoes.com\/it\/avviso-legale\/","url":"https:\/\/b2b.marilashoes.com\/it\/avviso-legale\/","name":"Avviso legale - Marila Shoes | B2B","isPartOf":{"@id":"https:\/\/b2b.marilashoes.com\/#website"},"datePublished":"2022-04-22T10:50:10+00:00","breadcrumb":{"@id":"https:\/\/b2b.marilashoes.com\/it\/avviso-legale\/#breadcrumb"},"inLanguage":"it-IT","potentialAction":[{"@type":"ReadAction","target":["https:\/\/b2b.marilashoes.com\/it\/avviso-legale\/"]}]},{"@type":"BreadcrumbList","@id":"https:\/\/b2b.marilashoes.com\/it\/avviso-legale\/#breadcrumb","itemListElement":[{"@type":"ListItem","position":1,"name":"Portada","item":"https:\/\/b2b.marilashoes.com\/"},{"@type":"ListItem","position":2,"name":"Avviso legale"}]},{"@type":"WebSite","@id":"https:\/\/b2b.marilashoes.com\/#website","url":"https:\/\/b2b.marilashoes.com\/","name":"Marila Shoes | B2B","description":"Distribuidores de calzado al por mayor","publisher":{"@id":"https:\/\/b2b.marilashoes.com\/#organization"},"potentialAction":[{"@type":"SearchAction","target":{"@type":"EntryPoint","urlTemplate":"https:\/\/b2b.marilashoes.com\/?s={search_term_string}"},"query-input":{"@type":"PropertyValueSpecification","valueRequired":true,"valueName":"search_term_string"}}],"inLanguage":"it-IT"},{"@type":"Organization","@id":"https:\/\/b2b.marilashoes.com\/#organization","name":"Marila Shoes","url":"https:\/\/b2b.marilashoes.com\/","logo":{"@type":"ImageObject","inLanguage":"it-IT","@id":"https:\/\/b2b.marilashoes.com\/#\/schema\/logo\/image\/","url":"https:\/\/marilab2b.com\/wp-content\/uploads\/2022\/05\/logoWeb-1.png","contentUrl":"https:\/\/marilab2b.com\/wp-content\/uploads\/2022\/05\/logoWeb-1.png","width":340,"height":156,"caption":"Marila Shoes"},"image":{"@id":"https:\/\/b2b.marilashoes.com\/#\/schema\/logo\/image\/"},"sameAs":["https:\/\/www.facebook.com\/marilashoes\/?locale=es_ES"]}]}},"_links":{"self":[{"href":"https:\/\/b2b.marilashoes.com\/it\/wp-json\/wp\/v2\/pages\/5505","targetHints":{"allow":["GET"]}}],"collection":[{"href":"https:\/\/b2b.marilashoes.com\/it\/wp-json\/wp\/v2\/pages"}],"about":[{"href":"https:\/\/b2b.marilashoes.com\/it\/wp-json\/wp\/v2\/types\/page"}],"author":[{"embeddable":true,"href":"https:\/\/b2b.marilashoes.com\/it\/wp-json\/wp\/v2\/users\/129"}],"replies":[{"embeddable":true,"href":"https:\/\/b2b.marilashoes.com\/it\/wp-json\/wp\/v2\/comments?post=5505"}],"version-history":[{"count":1,"href":"https:\/\/b2b.marilashoes.com\/it\/wp-json\/wp\/v2\/pages\/5505\/revisions"}],"predecessor-version":[{"id":5771,"href":"https:\/\/b2b.marilashoes.com\/it\/wp-json\/wp\/v2\/pages\/5505\/revisions\/5771"}],"wp:attachment":[{"href":"https:\/\/b2b.marilashoes.com\/it\/wp-json\/wp\/v2\/media?parent=5505"}],"curies":[{"name":"wp","href":"https:\/\/api.w.org\/{rel}","templated":true}]}}