{"id":4778,"date":"2022-04-22T12:50:10","date_gmt":"2022-04-22T10:50:10","guid":{"rendered":"https:\/\/marilab2b.com\/aviso-legal\/"},"modified":"2023-02-01T11:03:07","modified_gmt":"2023-02-01T10:03:07","slug":"aviso-legal","status":"publish","type":"page","link":"https:\/\/b2b.marilashoes.com\/fr\/aviso-legal\/","title":{"rendered":"Avis juridique"},"content":{"rendered":"<div id='av_section_1' class='avia-section main_color avia-section-default avia-no-border-styling avia-bg-style-scroll  avia-builder-el-0  avia-builder-el-no-sibling    container_wrap fullsize' style=' '  ><div class='container' ><main  role=\"main\" itemprop=\"mainContentOfPage\"  class='template-page content  av-content-full alpha units'><div class='post-entry post-entry-type-page post-entry-4778'><div class='entry-content-wrapper clearfix'>\n<div class=\"flex_column av_one_fourth  flex_column_div av-zero-column-padding first  avia-builder-el-1  el_before_av_three_fourth  avia-builder-el-first  \" style='border-radius:0px; '><\/div><div class=\"flex_column av_three_fourth  flex_column_div av-zero-column-padding   avia-builder-el-2  el_after_av_one_fourth  avia-builder-el-last  \" style='border-radius:0px; '><section class=\"av_textblock_section \"  itemscope=\"itemscope\" itemtype=\"https:\/\/schema.org\/CreativeWork\" ><div class='avia_textblock  '   itemprop=\"text\" ><div class=\"shopify-policy__title\">\n<h1>Avis juridique<\/h1>\n<\/div>\n<div class=\"shopify-policy__body\">\n<div class=\"rte\">\n<div class=\"rte\">\n<div class=\"rte\">\n<p>Conform\u00e9ment \u00e0 la loi 34\/2002 du 11 juillet sur les services de la soci\u00e9t\u00e9 de l&rsquo;information et du commerce \u00e9lectronique (LSSI CE), nous informons les utilisateurs des donn\u00e9es de la soci\u00e9t\u00e9 propri\u00e9taire de ce site Web :<\/p>\n<p>Responsable<\/p>\n<ul>\n<li><strong>Nom de l&rsquo;entreprise:<\/strong> NEOX CALZADOS, S.L.U.<\/li>\n<li><strong>CIF\/NIF<\/strong>: B-54431184<\/li>\n<li><strong>Nom commercial:<\/strong> MARILA<\/li>\n<li><strong>Si\u00e8ge social:<\/strong> C\/ Antonio Jos\u00e9 Cavanilles, 5 &#8211; 03203 &#8211; Elche (Alicante)<\/li>\n<\/ul>\n<p>Contact<\/p>\n<ul>\n<li><strong>email<\/strong>: marila@marilashoes.com<\/li>\n<li><strong>Profils sur les r\u00e9seaux sociaux:<\/strong>\n<ul>\n<li>https:\/\/www.facebook.com\/marilashoes<\/li>\n<li>https:\/\/www.instagram.com\/marilashoes\/<\/li>\n<\/ul>\n<\/li>\n<\/ul>\n<p>Enregistrements<\/p>\n<ul>\n<li><strong>Nom de domaine (site web) :<\/strong> <a href=\"https:\/\/marilab2b.com\/fr\/\">https:\/\/marilab2b.com\/<\/a><\/li>\n<\/ul>\n<p><strong>CHOSE<\/strong><\/p>\n<p>NEOX CALZADOS, S.L.U. (ci-apr\u00e8s, MARILA), responsable du site Web, met ce document \u00e0 la disposition des utilisateurs avec lesquels il entend se conformer aux obligations \u00e9nonc\u00e9es dans la loi 34\/2002, sur les services de la soci\u00e9t\u00e9 de l&rsquo;information et du commerce \u00e9lectronique (LSSI-CE), comme ainsi qu&rsquo;informer tous les utilisateurs du site des conditions d&rsquo;utilisation de celui-ci.<\/p>\n<p>Toute personne qui acc\u00e8de \u00e0 ce site Web assume le r\u00f4le d&rsquo;utilisateur, s&rsquo;engageant \u00e0 observer et \u00e0 respecter strictement les dispositions \u00e9nonc\u00e9es dans les pr\u00e9sentes, ainsi que toute autre disposition l\u00e9gale applicable.<\/p>\n<p>MARILA se r\u00e9serve le droit de modifier tout type d&rsquo;informations pouvant appara\u00eetre sur le site, sans qu&rsquo;il y ait obligation de notifier ou d&rsquo;informer les utilisateurs de ces obligations, la publication sur le site \u00e9tant consid\u00e9r\u00e9e comme suffisante.<\/p>\n<p><strong>PROTECTION DE DONN\u00c9ES<\/strong><\/p>\n<p>MARILA s&rsquo;engage profond\u00e9ment \u00e0 respecter la r\u00e9glementation espagnole en mati\u00e8re de protection des donn\u00e9es personnelles et garantit le plein respect des obligations \u00e9nonc\u00e9es, ainsi que la mise en \u0153uvre des mesures de s\u00e9curit\u00e9 pr\u00e9vues \u00e0 l&rsquo;art. 9 de la loi 15\/1999, sur la protection des donn\u00e9es personnelles (LOPD) et son r\u00e8glement de d\u00e9veloppement, ainsi que pour le respect du r\u00e8glement g\u00e9n\u00e9ral sur la protection des donn\u00e9es (RGPD) (UE) 2016\/679. Conform\u00e9ment \u00e0 cette r\u00e9glementation, nous vous informons que l&rsquo;utilisation de notre site Internet n\u00e9cessite que vous nous fournissiez certaines donn\u00e9es personnelles par le biais de formulaires d&rsquo;inscription ou de contact, ou par l&rsquo;envoi d&rsquo;e-mails, et que celles-ci seront trait\u00e9es par MARILA. L&rsquo;envoi de ces donn\u00e9es personnelles constitue un consentement expr\u00e8s \u00e0 leur traitement, bien que ce consentement soit r\u00e9vocable. Plus d&rsquo;informations dans notre politique de confidentialit\u00e9.<\/p>\n<p><strong>PROPRI\u00c9T\u00c9 INTELLECTUELLE, R\u00c9GLEMENTATION ET FORUM<\/strong><\/p>\n<p>Le site internet, y compris mais non limit\u00e9 \u00e0 sa programmation, \u00e9dition, compilation et autres \u00e9l\u00e9ments n\u00e9cessaires \u00e0 son fonctionnement, les dessins, logos, textes et\/ou graphiques sont la propri\u00e9t\u00e9 de MARILA ou, le cas \u00e9ch\u00e9ant, disposent d&rsquo;une licence ou d&rsquo;une autorisation expresse par part des auteurs.<\/p>\n<p>Tous les contenus du site Web sont d\u00fbment prot\u00e9g\u00e9s par la r\u00e9glementation de la propri\u00e9t\u00e9 intellectuelle et industrielle, ainsi qu&rsquo;enregistr\u00e9s dans les registres publics correspondants, et la reproduction et\/ou la publication, en tout ou en partie, du site Web, ni son traitement ne sont pas autoris\u00e9s. .ordinateur, sa distribution, sa diffusion, sa modification ou sa transformation, sans l&rsquo;autorisation \u00e9crite pr\u00e9alable de celui-ci.<\/p>\n<p>Les dessins, logos, textes et\/ou graphiques qui ne sont pas li\u00e9s \u00e0 MARILA et qui peuvent appara\u00eetre sur le site appartiennent \u00e0 leurs propri\u00e9taires respectifs, qui sont eux-m\u00eames responsables de toute controverse \u00e9ventuelle pouvant survenir \u00e0 leur sujet. En tout \u00e9tat de cause, MARILA dispose de l&rsquo;autorisation expresse et pr\u00e9alable de leur part. MARILA reconna\u00eet les droits de propri\u00e9t\u00e9 industrielle et intellectuelle correspondants en faveur de leurs propri\u00e9taires, leur simple mention ou apparition sur le site n&rsquo;impliquant pas l&rsquo;existence de droits ou de responsabilit\u00e9 du fournisseur \u00e0 leur \u00e9gard, ni n&rsquo;implique l&rsquo;approbation, le parrainage ou la recommandation par le m\u00eame .<\/p>\n<p>L&rsquo;utilisateur peut utiliser le mat\u00e9riel qui appara\u00eet sur ce site pour son usage personnel et priv\u00e9, son utilisation \u00e0 des fins commerciales \u00e9tant interdite. MARILA veillera au respect des conditions ci-dessus, telles que la bonne utilisation du contenu pr\u00e9sent\u00e9 sur ses pages Web, en exer\u00e7ant toutes les actions civiles et p\u00e9nales qui lui correspondent en cas d&rsquo;infraction ou de violation de ces droits par l&rsquo;utilisateur.<\/p>\n<p><strong>LOI APPLICABLE ET JURIDICTION<\/strong><\/p>\n<p>Les pr\u00e9sentes conditions d&rsquo;utilisation du site Web sont r\u00e9gies dans chacun de ses extr\u00eames par la loi espagnole. La langue de r\u00e9daction et d&rsquo;interpr\u00e9tation des pr\u00e9sentes mentions l\u00e9gales est l&rsquo;espagnol. Pour la r\u00e9solution de tous les litiges ou probl\u00e8mes li\u00e9s \u00e0 ce site Web ou aux activit\u00e9s qui y sont men\u00e9es, la l\u00e9gislation espagnole s&rsquo;appliquera, \u00e0 laquelle les parties se soumettent express\u00e9ment, \u00e9tant comp\u00e9tentes pour r\u00e9soudre tous les litiges d\u00e9coulant ou li\u00e9s \u00e0 son utilisation les Cours et Tribunaux d&rsquo;Alicante.<\/p>\n<\/div>\n<\/div>\n<\/div>\n<\/div>\n<\/div><\/section><\/div>\n","protected":false},"excerpt":{"rendered":"","protected":false},"author":129,"featured_media":0,"parent":0,"menu_order":0,"comment_status":"closed","ping_status":"closed","template":"","meta":{"footnotes":""},"class_list":["post-4778","page","type-page","status-publish","hentry"],"yoast_head":"<!-- This site is optimized with the Yoast SEO plugin v26.9 - https:\/\/yoast.com\/product\/yoast-seo-wordpress\/ -->\n<title>Avis juridique - Marila Shoes | B2B<\/title>\n<meta name=\"robots\" content=\"index, follow, max-snippet:-1, max-image-preview:large, max-video-preview:-1\" \/>\n<link rel=\"canonical\" href=\"https:\/\/b2b.marilashoes.com\/fr\/aviso-legal\/\" \/>\n<meta property=\"og:locale\" content=\"fr_FR\" \/>\n<meta property=\"og:type\" content=\"article\" \/>\n<meta property=\"og:title\" content=\"Avis juridique - Marila Shoes | B2B\" \/>\n<meta property=\"og:url\" content=\"https:\/\/b2b.marilashoes.com\/fr\/aviso-legal\/\" \/>\n<meta property=\"og:site_name\" content=\"Marila Shoes | B2B\" \/>\n<meta property=\"article:publisher\" content=\"https:\/\/www.facebook.com\/marilashoes\/?locale=es_ES\" \/>\n<meta property=\"article:modified_time\" content=\"2023-02-01T10:03:07+00:00\" \/>\n<meta name=\"twitter:card\" content=\"summary_large_image\" \/>\n<meta name=\"twitter:label1\" content=\"Dur\u00e9e de lecture estim\u00e9e\" \/>\n\t<meta name=\"twitter:data1\" content=\"5 minutes\" \/>\n<script type=\"application\/ld+json\" class=\"yoast-schema-graph\">{\"@context\":\"https:\/\/schema.org\",\"@graph\":[{\"@type\":\"WebPage\",\"@id\":\"https:\/\/b2b.marilashoes.com\/fr\/aviso-legal\/\",\"url\":\"https:\/\/b2b.marilashoes.com\/fr\/aviso-legal\/\",\"name\":\"Avis juridique - Marila Shoes | B2B\",\"isPartOf\":{\"@id\":\"https:\/\/b2b.marilashoes.com\/#website\"},\"datePublished\":\"2022-04-22T10:50:10+00:00\",\"dateModified\":\"2023-02-01T10:03:07+00:00\",\"breadcrumb\":{\"@id\":\"https:\/\/b2b.marilashoes.com\/fr\/aviso-legal\/#breadcrumb\"},\"inLanguage\":\"fr-FR\",\"potentialAction\":[{\"@type\":\"ReadAction\",\"target\":[\"https:\/\/b2b.marilashoes.com\/fr\/aviso-legal\/\"]}]},{\"@type\":\"BreadcrumbList\",\"@id\":\"https:\/\/b2b.marilashoes.com\/fr\/aviso-legal\/#breadcrumb\",\"itemListElement\":[{\"@type\":\"ListItem\",\"position\":1,\"name\":\"Portada\",\"item\":\"https:\/\/b2b.marilashoes.com\/fr\/creer-un-compte-2\/\"},{\"@type\":\"ListItem\",\"position\":2,\"name\":\"Avis juridique\"}]},{\"@type\":\"WebSite\",\"@id\":\"https:\/\/b2b.marilashoes.com\/#website\",\"url\":\"https:\/\/b2b.marilashoes.com\/\",\"name\":\"Marila Shoes | B2B\",\"description\":\"Distribuidores de calzado al por mayor\",\"publisher\":{\"@id\":\"https:\/\/b2b.marilashoes.com\/#organization\"},\"potentialAction\":[{\"@type\":\"SearchAction\",\"target\":{\"@type\":\"EntryPoint\",\"urlTemplate\":\"https:\/\/b2b.marilashoes.com\/?s={search_term_string}\"},\"query-input\":{\"@type\":\"PropertyValueSpecification\",\"valueRequired\":true,\"valueName\":\"search_term_string\"}}],\"inLanguage\":\"fr-FR\"},{\"@type\":\"Organization\",\"@id\":\"https:\/\/b2b.marilashoes.com\/#organization\",\"name\":\"Marila Shoes\",\"url\":\"https:\/\/b2b.marilashoes.com\/\",\"logo\":{\"@type\":\"ImageObject\",\"inLanguage\":\"fr-FR\",\"@id\":\"https:\/\/b2b.marilashoes.com\/#\/schema\/logo\/image\/\",\"url\":\"https:\/\/marilab2b.com\/wp-content\/uploads\/2022\/05\/logoWeb-1.png\",\"contentUrl\":\"https:\/\/marilab2b.com\/wp-content\/uploads\/2022\/05\/logoWeb-1.png\",\"width\":340,\"height\":156,\"caption\":\"Marila Shoes\"},\"image\":{\"@id\":\"https:\/\/b2b.marilashoes.com\/#\/schema\/logo\/image\/\"},\"sameAs\":[\"https:\/\/www.facebook.com\/marilashoes\/?locale=es_ES\"]}]}<\/script>\n<!-- \/ Yoast SEO plugin. -->","yoast_head_json":{"title":"Avis juridique - Marila Shoes | B2B","robots":{"index":"index","follow":"follow","max-snippet":"max-snippet:-1","max-image-preview":"max-image-preview:large","max-video-preview":"max-video-preview:-1"},"canonical":"https:\/\/b2b.marilashoes.com\/fr\/aviso-legal\/","og_locale":"fr_FR","og_type":"article","og_title":"Avis juridique - Marila Shoes | B2B","og_url":"https:\/\/b2b.marilashoes.com\/fr\/aviso-legal\/","og_site_name":"Marila Shoes | B2B","article_publisher":"https:\/\/www.facebook.com\/marilashoes\/?locale=es_ES","article_modified_time":"2023-02-01T10:03:07+00:00","twitter_card":"summary_large_image","twitter_misc":{"Dur\u00e9e de lecture estim\u00e9e":"5 minutes"},"schema":{"@context":"https:\/\/schema.org","@graph":[{"@type":"WebPage","@id":"https:\/\/b2b.marilashoes.com\/fr\/aviso-legal\/","url":"https:\/\/b2b.marilashoes.com\/fr\/aviso-legal\/","name":"Avis juridique - Marila Shoes | B2B","isPartOf":{"@id":"https:\/\/b2b.marilashoes.com\/#website"},"datePublished":"2022-04-22T10:50:10+00:00","dateModified":"2023-02-01T10:03:07+00:00","breadcrumb":{"@id":"https:\/\/b2b.marilashoes.com\/fr\/aviso-legal\/#breadcrumb"},"inLanguage":"fr-FR","potentialAction":[{"@type":"ReadAction","target":["https:\/\/b2b.marilashoes.com\/fr\/aviso-legal\/"]}]},{"@type":"BreadcrumbList","@id":"https:\/\/b2b.marilashoes.com\/fr\/aviso-legal\/#breadcrumb","itemListElement":[{"@type":"ListItem","position":1,"name":"Portada","item":"https:\/\/b2b.marilashoes.com\/fr\/creer-un-compte-2\/"},{"@type":"ListItem","position":2,"name":"Avis juridique"}]},{"@type":"WebSite","@id":"https:\/\/b2b.marilashoes.com\/#website","url":"https:\/\/b2b.marilashoes.com\/","name":"Marila Shoes | B2B","description":"Distribuidores de calzado al por mayor","publisher":{"@id":"https:\/\/b2b.marilashoes.com\/#organization"},"potentialAction":[{"@type":"SearchAction","target":{"@type":"EntryPoint","urlTemplate":"https:\/\/b2b.marilashoes.com\/?s={search_term_string}"},"query-input":{"@type":"PropertyValueSpecification","valueRequired":true,"valueName":"search_term_string"}}],"inLanguage":"fr-FR"},{"@type":"Organization","@id":"https:\/\/b2b.marilashoes.com\/#organization","name":"Marila Shoes","url":"https:\/\/b2b.marilashoes.com\/","logo":{"@type":"ImageObject","inLanguage":"fr-FR","@id":"https:\/\/b2b.marilashoes.com\/#\/schema\/logo\/image\/","url":"https:\/\/marilab2b.com\/wp-content\/uploads\/2022\/05\/logoWeb-1.png","contentUrl":"https:\/\/marilab2b.com\/wp-content\/uploads\/2022\/05\/logoWeb-1.png","width":340,"height":156,"caption":"Marila Shoes"},"image":{"@id":"https:\/\/b2b.marilashoes.com\/#\/schema\/logo\/image\/"},"sameAs":["https:\/\/www.facebook.com\/marilashoes\/?locale=es_ES"]}]}},"_links":{"self":[{"href":"https:\/\/b2b.marilashoes.com\/fr\/wp-json\/wp\/v2\/pages\/4778","targetHints":{"allow":["GET"]}}],"collection":[{"href":"https:\/\/b2b.marilashoes.com\/fr\/wp-json\/wp\/v2\/pages"}],"about":[{"href":"https:\/\/b2b.marilashoes.com\/fr\/wp-json\/wp\/v2\/types\/page"}],"author":[{"embeddable":true,"href":"https:\/\/b2b.marilashoes.com\/fr\/wp-json\/wp\/v2\/users\/129"}],"replies":[{"embeddable":true,"href":"https:\/\/b2b.marilashoes.com\/fr\/wp-json\/wp\/v2\/comments?post=4778"}],"version-history":[{"count":5,"href":"https:\/\/b2b.marilashoes.com\/fr\/wp-json\/wp\/v2\/pages\/4778\/revisions"}],"predecessor-version":[{"id":4864,"href":"https:\/\/b2b.marilashoes.com\/fr\/wp-json\/wp\/v2\/pages\/4778\/revisions\/4864"}],"wp:attachment":[{"href":"https:\/\/b2b.marilashoes.com\/fr\/wp-json\/wp\/v2\/media?parent=4778"}],"curies":[{"name":"wp","href":"https:\/\/api.w.org\/{rel}","templated":true}]}}