{"id":4754,"date":"2022-05-11T12:43:14","date_gmt":"2022-05-11T10:43:14","guid":{"rendered":"https:\/\/marilab2b.com\/terminos-y-condiciones\/"},"modified":"2023-02-01T12:33:08","modified_gmt":"2023-02-01T11:33:08","slug":"terminos-y-condiciones","status":"publish","type":"page","link":"https:\/\/b2b.marilashoes.com\/fr\/terminos-y-condiciones\/","title":{"rendered":"Termes et conditions"},"content":{"rendered":"<div id='av_section_1' class='avia-section main_color avia-section-large avia-no-border-styling avia-bg-style-scroll  avia-builder-el-0  avia-builder-el-no-sibling    container_wrap fullsize' style=' '  ><div class='container' ><main  role=\"main\" itemprop=\"mainContentOfPage\"  class='template-page content  av-content-full alpha units'><div class='post-entry post-entry-type-page post-entry-4754'><div class='entry-content-wrapper clearfix'>\n<div class=\"flex_column av_one_fourth  flex_column_div av-zero-column-padding first  avia-builder-el-1  el_before_av_three_fourth  avia-builder-el-first  \" style='border-radius:0px; '><\/div><div class=\"flex_column av_three_fourth  flex_column_div av-zero-column-padding   avia-builder-el-2  el_after_av_one_fourth  avia-builder-el-last  \" style='border-radius:0px; '><section class=\"av_textblock_section \"  itemscope=\"itemscope\" itemtype=\"https:\/\/schema.org\/CreativeWork\" ><div class='avia_textblock  '   itemprop=\"text\" ><div>\n<h1>Conditions d&rsquo;utilisation<\/h1>\n<p>Ce site Web contient des textes pr\u00e9par\u00e9s \u00e0 des fins purement informatives ou informatives, qui peuvent ne pas refl\u00e9ter l&rsquo;\u00e9tat actuel de la l\u00e9gislation ou de la jurisprudence, et qui font r\u00e9f\u00e9rence \u00e0 des situations g\u00e9n\u00e9rales, de sorte que son contenu ne doit pas n\u00e9cessairement \u00eatre appliqu\u00e9 par l&rsquo;utilisateur \u00e0 des cas concrets.<\/p>\n<p>Ce site d\u00e9taille les services propos\u00e9s par MARILA. Son utilisation implique l&rsquo;acceptation des conditions suivantes, en refusant toute r\u00e9clamation \u00e0 leur sujet :<\/p>\n<ul>\n<li>L&rsquo;utilisation de ce site Web est destin\u00e9e aux personnes majeures.<\/li>\n<li>MARILA peut modifier le contenu du site, ses services, tarifs, garanties, etc., \u00e0 tout moment et sans pr\u00e9avis.<\/li>\n<li>MARILA peut mettre \u00e0 la disposition de l&rsquo;utilisateur des liens ou d&rsquo;autres \u00e9l\u00e9ments permettant l&rsquo;acc\u00e8s \u00e0 d&rsquo;autres sites Web appartenant \u00e0 des tiers. Nous ne commercialisons pas les produits et services desdites pages li\u00e9es, ni n&rsquo;assumons aucun type de responsabilit\u00e9 pour eux, ni pour les informations qu&rsquo;ils contiennent, ni pour leur v\u00e9racit\u00e9 ou l\u00e9galit\u00e9, ni pour les effets qui pourraient en d\u00e9couler. Dans tous les cas, MARILA d\u00e9clare qu&rsquo;elle proc\u00e9dera au retrait imm\u00e9diat de tout contenu qui pourrait contrevenir \u00e0 la l\u00e9gislation nationale ou internationale, aux bonnes m\u0153urs ou \u00e0 l&rsquo;ordre public, en proc\u00e9dant au retrait imm\u00e9diat de la redirection vers ledit site, en informant les autorit\u00e9s comp\u00e9tentes du contenu en question .<\/li>\n<li>Les prix indiqu\u00e9s sur le site Web, le cas \u00e9ch\u00e9ant, seront valables sauf erreur typographique et sont sujets \u00e0 changement sans pr\u00e9avis.<\/li>\n<li>Il n&rsquo;est pas n\u00e9cessaire de s&rsquo;inscrire sur le Web ou de fournir tout type de donn\u00e9es personnelles pour naviguer sur celui-ci.<\/li>\n<li>MARILA ne peut garantir le fonctionnement ininterrompu ou sans erreur de ce site Web. Par cons\u00e9quent, nous ne sommes pas responsables des dommages caus\u00e9s par l&rsquo;utilisation de ce site.<\/li>\n<li>MARILA offre ses services et produits pour une dur\u00e9e ind\u00e9termin\u00e9e, et peut toutefois en suspendre la fourniture, unilat\u00e9ralement et sans pr\u00e9avis.<\/li>\n<li>MARILA ne sera pas responsable des dommages, propres ou \u00e0 des tiers, caus\u00e9s par une mauvaise utilisation de ce site Web par le client.<\/li>\n<li>L&rsquo;utilisateur s&rsquo;engage \u00e0 ne pas utiliser ce site ou les services qui y sont propos\u00e9s pour mener des activit\u00e9s contraires \u00e0 la loi, \u00e0 l&rsquo;ordre public ou aux pr\u00e9sentes conditions.<\/li>\n<li>MARILA n&rsquo;est pas responsable des virus qui ont leur origine dans une transmission t\u00e9l\u00e9matique infiltr\u00e9e par des tiers, g\u00e9n\u00e9r\u00e9e dans le but d&rsquo;obtenir des r\u00e9sultats n\u00e9gatifs pour un syst\u00e8me informatique.<\/li>\n<li>MARILA n&rsquo;est pas responsable des informations et du contenu stock\u00e9s, \u00e0 titre d&rsquo;exemple mais non limitatif, dans les forums, les chats, les g\u00e9n\u00e9rateurs de blogs, les commentaires, les r\u00e9seaux sociaux ou tout autre moyen permettant \u00e0 des tiers de publier du contenu de mani\u00e8re ind\u00e9pendante sur le site Web du pr\u00eateur. Nonobstant, et dans le respect des dispositions de l&rsquo;art. 11 et 16 de la LSSI-CE, MARILA se met \u00e0 la disposition de tous les utilisateurs, autorit\u00e9s et forces de s\u00e9curit\u00e9, et collabore activement au retrait ou au blocage de tout contenu qui pourrait affecter ou contrevenir \u00e0 la l\u00e9gislation nationale, ou internationale, aux droits des tiers ou la morale et l&rsquo;ordre public. Dans le cas o\u00f9 l&rsquo;utilisateur consid\u00e8re qu&rsquo;il existe un contenu sur le site Web qui pourrait \u00eatre susceptible de cette classification, veuillez en informer imm\u00e9diatement l&rsquo;administrateur du site Web.<\/li>\n<li>Ce site Web a \u00e9t\u00e9 r\u00e9vis\u00e9 et test\u00e9 pour fonctionner correctement. En principe, un fonctionnement correct peut \u00eatre garanti 365 jours par an, 24 heures sur 24. Cependant, MARILA n&rsquo;exclut pas la possibilit\u00e9 que certaines erreurs de programmation se produisent, ou que des cas de force majeure, catastrophes naturelles, gr\u00e8ves ou circonstances similaires se produisent rendant impossible l&rsquo;acc\u00e8s au site.<\/li>\n<li>Les opinions qui y sont exprim\u00e9es ne refl\u00e8tent pas n\u00e9cessairement les vues de MARILA. Le contenu des articles publi\u00e9s sur ce Site ne peut en aucun cas \u00eatre consid\u00e9r\u00e9 comme un substitut \u00e0 un avis juridique. L&rsquo;utilisateur ne doit pas agir sur la base des informations contenues dans ce site Web sans avoir recours au pr\u00e9alable aux conseils professionnels correspondants.<\/li>\n<\/ul>\n<p>En bref, l&rsquo;utilisateur est seul responsable de l&rsquo;utilisation faite des services, contenus et liens inclus dans ce site Web.<\/p>\n<\/div>\n<\/div><\/section><\/div>\n\n","protected":false},"excerpt":{"rendered":"","protected":false},"author":129,"featured_media":0,"parent":0,"menu_order":0,"comment_status":"closed","ping_status":"closed","template":"","meta":{"footnotes":""},"class_list":["post-4754","page","type-page","status-publish","hentry"],"yoast_head":"<!-- This site is optimized with the Yoast SEO plugin v26.9 - https:\/\/yoast.com\/product\/yoast-seo-wordpress\/ -->\n<title>Termes et conditions - Marila Shoes | B2B<\/title>\n<meta name=\"robots\" content=\"index, follow, max-snippet:-1, max-image-preview:large, max-video-preview:-1\" \/>\n<link rel=\"canonical\" href=\"https:\/\/b2b.marilashoes.com\/fr\/terminos-y-condiciones\/\" \/>\n<meta property=\"og:locale\" content=\"fr_FR\" \/>\n<meta property=\"og:type\" content=\"article\" \/>\n<meta property=\"og:title\" content=\"Termes et conditions - Marila Shoes | B2B\" \/>\n<meta property=\"og:url\" content=\"https:\/\/b2b.marilashoes.com\/fr\/terminos-y-condiciones\/\" \/>\n<meta property=\"og:site_name\" content=\"Marila Shoes | B2B\" \/>\n<meta property=\"article:publisher\" content=\"https:\/\/www.facebook.com\/marilashoes\/?locale=es_ES\" \/>\n<meta property=\"article:modified_time\" content=\"2023-02-01T11:33:08+00:00\" \/>\n<meta name=\"twitter:card\" content=\"summary_large_image\" \/>\n<meta name=\"twitter:label1\" content=\"Dur\u00e9e de lecture estim\u00e9e\" \/>\n\t<meta name=\"twitter:data1\" content=\"5 minutes\" \/>\n<script type=\"application\/ld+json\" class=\"yoast-schema-graph\">{\"@context\":\"https:\/\/schema.org\",\"@graph\":[{\"@type\":\"WebPage\",\"@id\":\"https:\/\/b2b.marilashoes.com\/fr\/terminos-y-condiciones\/\",\"url\":\"https:\/\/b2b.marilashoes.com\/fr\/terminos-y-condiciones\/\",\"name\":\"Termes et conditions - Marila Shoes | B2B\",\"isPartOf\":{\"@id\":\"https:\/\/b2b.marilashoes.com\/#website\"},\"datePublished\":\"2022-05-11T10:43:14+00:00\",\"dateModified\":\"2023-02-01T11:33:08+00:00\",\"breadcrumb\":{\"@id\":\"https:\/\/b2b.marilashoes.com\/fr\/terminos-y-condiciones\/#breadcrumb\"},\"inLanguage\":\"fr-FR\",\"potentialAction\":[{\"@type\":\"ReadAction\",\"target\":[\"https:\/\/b2b.marilashoes.com\/fr\/terminos-y-condiciones\/\"]}]},{\"@type\":\"BreadcrumbList\",\"@id\":\"https:\/\/b2b.marilashoes.com\/fr\/terminos-y-condiciones\/#breadcrumb\",\"itemListElement\":[{\"@type\":\"ListItem\",\"position\":1,\"name\":\"Portada\",\"item\":\"https:\/\/b2b.marilashoes.com\/fr\/creer-un-compte-2\/\"},{\"@type\":\"ListItem\",\"position\":2,\"name\":\"Termes et conditions\"}]},{\"@type\":\"WebSite\",\"@id\":\"https:\/\/b2b.marilashoes.com\/#website\",\"url\":\"https:\/\/b2b.marilashoes.com\/\",\"name\":\"Marila Shoes | B2B\",\"description\":\"Distribuidores de calzado al por mayor\",\"publisher\":{\"@id\":\"https:\/\/b2b.marilashoes.com\/#organization\"},\"potentialAction\":[{\"@type\":\"SearchAction\",\"target\":{\"@type\":\"EntryPoint\",\"urlTemplate\":\"https:\/\/b2b.marilashoes.com\/?s={search_term_string}\"},\"query-input\":{\"@type\":\"PropertyValueSpecification\",\"valueRequired\":true,\"valueName\":\"search_term_string\"}}],\"inLanguage\":\"fr-FR\"},{\"@type\":\"Organization\",\"@id\":\"https:\/\/b2b.marilashoes.com\/#organization\",\"name\":\"Marila Shoes\",\"url\":\"https:\/\/b2b.marilashoes.com\/\",\"logo\":{\"@type\":\"ImageObject\",\"inLanguage\":\"fr-FR\",\"@id\":\"https:\/\/b2b.marilashoes.com\/#\/schema\/logo\/image\/\",\"url\":\"https:\/\/marilab2b.com\/wp-content\/uploads\/2022\/05\/logoWeb-1.png\",\"contentUrl\":\"https:\/\/marilab2b.com\/wp-content\/uploads\/2022\/05\/logoWeb-1.png\",\"width\":340,\"height\":156,\"caption\":\"Marila Shoes\"},\"image\":{\"@id\":\"https:\/\/b2b.marilashoes.com\/#\/schema\/logo\/image\/\"},\"sameAs\":[\"https:\/\/www.facebook.com\/marilashoes\/?locale=es_ES\"]}]}<\/script>\n<!-- \/ Yoast SEO plugin. -->","yoast_head_json":{"title":"Termes et conditions - Marila Shoes | B2B","robots":{"index":"index","follow":"follow","max-snippet":"max-snippet:-1","max-image-preview":"max-image-preview:large","max-video-preview":"max-video-preview:-1"},"canonical":"https:\/\/b2b.marilashoes.com\/fr\/terminos-y-condiciones\/","og_locale":"fr_FR","og_type":"article","og_title":"Termes et conditions - Marila Shoes | B2B","og_url":"https:\/\/b2b.marilashoes.com\/fr\/terminos-y-condiciones\/","og_site_name":"Marila Shoes | B2B","article_publisher":"https:\/\/www.facebook.com\/marilashoes\/?locale=es_ES","article_modified_time":"2023-02-01T11:33:08+00:00","twitter_card":"summary_large_image","twitter_misc":{"Dur\u00e9e de lecture estim\u00e9e":"5 minutes"},"schema":{"@context":"https:\/\/schema.org","@graph":[{"@type":"WebPage","@id":"https:\/\/b2b.marilashoes.com\/fr\/terminos-y-condiciones\/","url":"https:\/\/b2b.marilashoes.com\/fr\/terminos-y-condiciones\/","name":"Termes et conditions - Marila Shoes | B2B","isPartOf":{"@id":"https:\/\/b2b.marilashoes.com\/#website"},"datePublished":"2022-05-11T10:43:14+00:00","dateModified":"2023-02-01T11:33:08+00:00","breadcrumb":{"@id":"https:\/\/b2b.marilashoes.com\/fr\/terminos-y-condiciones\/#breadcrumb"},"inLanguage":"fr-FR","potentialAction":[{"@type":"ReadAction","target":["https:\/\/b2b.marilashoes.com\/fr\/terminos-y-condiciones\/"]}]},{"@type":"BreadcrumbList","@id":"https:\/\/b2b.marilashoes.com\/fr\/terminos-y-condiciones\/#breadcrumb","itemListElement":[{"@type":"ListItem","position":1,"name":"Portada","item":"https:\/\/b2b.marilashoes.com\/fr\/creer-un-compte-2\/"},{"@type":"ListItem","position":2,"name":"Termes et conditions"}]},{"@type":"WebSite","@id":"https:\/\/b2b.marilashoes.com\/#website","url":"https:\/\/b2b.marilashoes.com\/","name":"Marila Shoes | B2B","description":"Distribuidores de calzado al por mayor","publisher":{"@id":"https:\/\/b2b.marilashoes.com\/#organization"},"potentialAction":[{"@type":"SearchAction","target":{"@type":"EntryPoint","urlTemplate":"https:\/\/b2b.marilashoes.com\/?s={search_term_string}"},"query-input":{"@type":"PropertyValueSpecification","valueRequired":true,"valueName":"search_term_string"}}],"inLanguage":"fr-FR"},{"@type":"Organization","@id":"https:\/\/b2b.marilashoes.com\/#organization","name":"Marila Shoes","url":"https:\/\/b2b.marilashoes.com\/","logo":{"@type":"ImageObject","inLanguage":"fr-FR","@id":"https:\/\/b2b.marilashoes.com\/#\/schema\/logo\/image\/","url":"https:\/\/marilab2b.com\/wp-content\/uploads\/2022\/05\/logoWeb-1.png","contentUrl":"https:\/\/marilab2b.com\/wp-content\/uploads\/2022\/05\/logoWeb-1.png","width":340,"height":156,"caption":"Marila Shoes"},"image":{"@id":"https:\/\/b2b.marilashoes.com\/#\/schema\/logo\/image\/"},"sameAs":["https:\/\/www.facebook.com\/marilashoes\/?locale=es_ES"]}]}},"_links":{"self":[{"href":"https:\/\/b2b.marilashoes.com\/fr\/wp-json\/wp\/v2\/pages\/4754","targetHints":{"allow":["GET"]}}],"collection":[{"href":"https:\/\/b2b.marilashoes.com\/fr\/wp-json\/wp\/v2\/pages"}],"about":[{"href":"https:\/\/b2b.marilashoes.com\/fr\/wp-json\/wp\/v2\/types\/page"}],"author":[{"embeddable":true,"href":"https:\/\/b2b.marilashoes.com\/fr\/wp-json\/wp\/v2\/users\/129"}],"replies":[{"embeddable":true,"href":"https:\/\/b2b.marilashoes.com\/fr\/wp-json\/wp\/v2\/comments?post=4754"}],"version-history":[{"count":3,"href":"https:\/\/b2b.marilashoes.com\/fr\/wp-json\/wp\/v2\/pages\/4754\/revisions"}],"predecessor-version":[{"id":4879,"href":"https:\/\/b2b.marilashoes.com\/fr\/wp-json\/wp\/v2\/pages\/4754\/revisions\/4879"}],"wp:attachment":[{"href":"https:\/\/b2b.marilashoes.com\/fr\/wp-json\/wp\/v2\/media?parent=4754"}],"curies":[{"name":"wp","href":"https:\/\/api.w.org\/{rel}","templated":true}]}}